{"id":110,"date":"2020-06-22T07:25:13","date_gmt":"2020-06-22T07:25:13","guid":{"rendered":"https:\/\/saluto.lt\/?page_id=110"},"modified":"2024-04-08T07:40:53","modified_gmt":"2024-04-08T07:40:53","slug":"musu-vadove","status":"publish","type":"page","link":"https:\/\/saluto.lt\/en\/musu-vadove\/","title":{"rendered":"Our Choirmaster"},"content":{"rendered":"<div data-elementor-type=\"wp-page\" data-elementor-id=\"110\" class=\"elementor elementor-110\" data-elementor-settings=\"{&quot;ha_cmc_init_switcher&quot;:&quot;no&quot;}\" data-elementor-post-type=\"page\">\n\t\t\t\t\t\t<section class=\"has_eae_slider elementor-section elementor-top-section elementor-element elementor-element-57fbeaae elementor-section-boxed elementor-section-height-default elementor-section-height-default\" data-eae-slider=\"75441\" data-id=\"57fbeaae\" data-element_type=\"section\" data-e-type=\"section\" data-settings=\"{&quot;_ha_eqh_enable&quot;:false}\">\n\t\t\t\t\t\t<div class=\"elementor-container elementor-column-gap-default\">\n\t\t\t\t\t<div class=\"has_eae_slider elementor-column elementor-col-100 elementor-top-column elementor-element elementor-element-569c68df\" data-eae-slider=\"60698\" data-id=\"569c68df\" data-element_type=\"column\" data-e-type=\"column\">\n\t\t\t<div class=\"elementor-widget-wrap elementor-element-populated\">\n\t\t\t\t\t\t<div class=\"elementor-element elementor-element-71d9be15 elementor-invisible elementor-widget elementor-widget-heading\" data-id=\"71d9be15\" data-element_type=\"widget\" data-e-type=\"widget\" data-settings=\"{&quot;_animation&quot;:&quot;fadeIn&quot;}\" data-widget_type=\"heading.default\">\n\t\t\t\t<div class=\"elementor-widget-container\">\n\t\t\t\t\t<h1 class=\"elementor-heading-title elementor-size-medium\">Our Choirmaster<\/h1>\t\t\t\t<\/div>\n\t\t\t\t<\/div>\n\t\t\t\t<div class=\"elementor-element elementor-element-3a5bd2ce elementor-widget-divider--view-line elementor-invisible elementor-widget elementor-widget-divider\" data-id=\"3a5bd2ce\" data-element_type=\"widget\" data-e-type=\"widget\" data-settings=\"{&quot;_animation&quot;:&quot;fadeInUp&quot;}\" data-widget_type=\"divider.default\">\n\t\t\t\t<div class=\"elementor-widget-container\">\n\t\t\t\t\t\t\t<div class=\"elementor-divider\">\n\t\t\t<span class=\"elementor-divider-separator\">\n\t\t\t\t\t\t<\/span>\n\t\t<\/div>\n\t\t\t\t\t\t<\/div>\n\t\t\t\t<\/div>\n\t\t\t\t<section class=\"has_eae_slider elementor-section elementor-inner-section elementor-element elementor-element-406b0a7a elementor-section-boxed elementor-section-height-default elementor-section-height-default\" data-eae-slider=\"29957\" data-id=\"406b0a7a\" data-element_type=\"section\" data-e-type=\"section\" data-settings=\"{&quot;_ha_eqh_enable&quot;:false}\">\n\t\t\t\t\t\t<div class=\"elementor-container elementor-column-gap-default\">\n\t\t\t\t\t<div class=\"has_eae_slider elementor-column elementor-col-50 elementor-inner-column elementor-element elementor-element-7b6628f2\" data-eae-slider=\"71019\" data-id=\"7b6628f2\" data-element_type=\"column\" data-e-type=\"column\">\n\t\t\t<div class=\"elementor-widget-wrap elementor-element-populated\">\n\t\t\t\t\t\t<div class=\"elementor-element elementor-element-ad9b09f elementor-widget elementor-widget-image\" data-id=\"ad9b09f\" data-element_type=\"widget\" data-e-type=\"widget\" data-widget_type=\"image.default\">\n\t\t\t\t<div class=\"elementor-widget-container\">\n\t\t\t\t\t\t\t\t\t\t\t\t\t\t\t<img fetchpriority=\"high\" decoding=\"async\" width=\"768\" height=\"1150\" src=\"https:\/\/saluto.lt\/wp-content\/uploads\/2020\/10\/Musu_Vadove_02-768x1150.jpg\" class=\"attachment-medium_large size-medium_large wp-image-1016\" alt=\"\" srcset=\"https:\/\/saluto.lt\/wp-content\/uploads\/2020\/10\/Musu_Vadove_02-768x1150.jpg 768w, https:\/\/saluto.lt\/wp-content\/uploads\/2020\/10\/Musu_Vadove_02-200x300.jpg 200w, https:\/\/saluto.lt\/wp-content\/uploads\/2020\/10\/Musu_Vadove_02-684x1024.jpg 684w, https:\/\/saluto.lt\/wp-content\/uploads\/2020\/10\/Musu_Vadove_02-1026x1536.jpg 1026w, https:\/\/saluto.lt\/wp-content\/uploads\/2020\/10\/Musu_Vadove_02-1368x2048.jpg 1368w, https:\/\/saluto.lt\/wp-content\/uploads\/2020\/10\/Musu_Vadove_02-scaled.jpg 1710w\" sizes=\"(max-width: 768px) 100vw, 768px\" \/>\t\t\t\t\t\t\t\t\t\t\t\t\t\t\t<\/div>\n\t\t\t\t<\/div>\n\t\t\t\t\t<\/div>\n\t\t<\/div>\n\t\t\t\t<div class=\"has_eae_slider elementor-column elementor-col-50 elementor-inner-column elementor-element elementor-element-7129b3a6\" data-eae-slider=\"73138\" data-id=\"7129b3a6\" data-element_type=\"column\" data-e-type=\"column\">\n\t\t\t<div class=\"elementor-widget-wrap elementor-element-populated\">\n\t\t\t\t\t\t<div class=\"elementor-element elementor-element-57aca46f elementor-invisible elementor-widget elementor-widget-text-editor\" data-id=\"57aca46f\" data-element_type=\"widget\" data-e-type=\"widget\" data-settings=\"{&quot;_animation&quot;:&quot;fadeIn&quot;}\" data-widget_type=\"text-editor.default\">\n\t\t\t\t<div class=\"elementor-widget-container\">\n\t\t\t\t\t\t\t\t\t<div>RAMUT\u0116 \u0160TREIMIKYT\u0116 (b. 11 January 1961) - Kaunas J. Gruodis Conservatory Choir Conducting Teacher, Conservatory Mixed Choir Choir Master of this Conservatory, A. Ka\u010danauskas Music School Soloist and Conducting Teacher, Member of the Lithuanian Choir Union, Founder and Head of Kaunas Mixed Choir SALUTO, Kaunas Republican Song Festival Chief conductor.\u00a0<\/div><div>\u00a0<\/div><div>Already during her studies, she started working as a choirmaster in various amateur groups. For 23 years, she was the choirmaster and conductor of the mixed choir \"Leliumai\" in Kaunas. As a soloist, she sang in the \"Silver Voices\" competition (1st p. Kaunas, 1986), (3rd p. Palanga, 1986).\u00a0<\/div><div>\u00a0<\/div><div><p>The J. Gruodis Conservatory Girls' Choir, led by her, was the 2nd place winner (1987).<\/p><p>Male ensemble of the Kaunas Endocrine Preparations Factory -1st place in the \"Silver Voices\"  republican competition (Kaunas, 1986), 3rd place (Palanga, 1986), 1st place winner of Kaunas vocal ensembles inspection (1988).<\/p><\/div>\t\t\t\t\t\t\t\t<\/div>\n\t\t\t\t<\/div>\n\t\t\t\t\t<\/div>\n\t\t<\/div>\n\t\t\t\t\t<\/div>\n\t\t<\/section>\n\t\t\t\t<div class=\"elementor-element elementor-element-2371b016 elementor-invisible elementor-widget elementor-widget-text-editor\" data-id=\"2371b016\" data-element_type=\"widget\" data-e-type=\"widget\" data-settings=\"{&quot;_animation&quot;:&quot;fadeIn&quot;}\" data-widget_type=\"text-editor.default\">\n\t\t\t\t<div class=\"elementor-widget-container\">\n\t\t\t\t\t\t\t\t\t<p style=\"text-align: left;\">Conducting the \"Leliumai\" choir at the II World Lithuanian Song Festival Choir Competition (1998) was awarded a special prize (to the conductor who best interpreted a piece by a contemporary composer).<\/p><p style=\"text-align: left;\">As a director<span style=\"font-family: Muli, sans-serif; font-size: 16px; font-style: normal; font-variant-ligatures: normal; font-variant-caps: normal; font-weight: 400; letter-spacing: 0.4px;\">\u00a0-\u00a0<\/span>The trainee visited the Salzburg Higher School of Music \u201cMozarteum\u201d prof. A. Hartinger's master classes, in which he conducted the Vilnius Municipal Choir \"Jauna Muzika\" (1999). In the Republican Choir Competition (2006) awarded with special prize as a conductor. Students prepared for the young conductors' competitions regularly win prizes. Since 1997 is one of the organizers of Kaunas County Music and Art School Children's Choir Festival (XV festival took place in 2017). Ramut\u0117 is often invited to be a member of various evaluation commissions.<\/p><p style=\"text-align: left;\">In 2019 director is granted the status of an artist<\/p><p style=\"text-align: left;\">She has performed many concerts with the groups she leads. He conducted concerts for the \"Leliumai\" choir in Germany (1990, 1997), Italy (1993), France (1995), Belgium (1995), USA (1996), Canada (1996), Denmark (1997, 2001, 2005), Austria (1999). ), in Great Britain (2002, 2006).<\/p><p style=\"text-align: left;\">In 2007 \u0160treimikyt\u0117 founded the mixed choir SALUTO, with which he prepares thematic programs, gives a number of concerts in Lithuania and abroad. The choir has won several international competitions.<\/p>\t\t\t\t\t\t\t\t<\/div>\n\t\t\t\t<\/div>\n\t\t\t\t\t<\/div>\n\t\t<\/div>\n\t\t\t\t\t<\/div>\n\t\t<\/section>\n\t\t\t\t<section class=\"has_eae_slider elementor-section elementor-top-section elementor-element elementor-element-55166759 elementor-section-boxed elementor-section-height-default elementor-section-height-default\" data-eae-slider=\"41787\" data-id=\"55166759\" data-element_type=\"section\" data-e-type=\"section\" data-settings=\"{&quot;_ha_eqh_enable&quot;:false}\">\n\t\t\t\t\t\t<div class=\"elementor-container elementor-column-gap-default\">\n\t\t\t\t\t<div class=\"has_eae_slider elementor-column elementor-col-100 elementor-top-column elementor-element elementor-element-7385f577\" data-eae-slider=\"26841\" data-id=\"7385f577\" data-element_type=\"column\" data-e-type=\"column\">\n\t\t\t<div class=\"elementor-widget-wrap elementor-element-populated\">\n\t\t\t\t\t\t<div class=\"elementor-element elementor-element-564de31 elementor-widget elementor-widget-gallery\" data-id=\"564de31\" data-element_type=\"widget\" data-e-type=\"widget\" data-settings=\"{&quot;columns&quot;:2,&quot;gap&quot;:{&quot;unit&quot;:&quot;px&quot;,&quot;size&quot;:20,&quot;sizes&quot;:[]},&quot;aspect_ratio&quot;:&quot;1:1&quot;,&quot;lazyload&quot;:&quot;yes&quot;,&quot;gallery_layout&quot;:&quot;grid&quot;,&quot;columns_tablet&quot;:2,&quot;columns_mobile&quot;:1,&quot;gap_tablet&quot;:{&quot;unit&quot;:&quot;px&quot;,&quot;size&quot;:10,&quot;sizes&quot;:[]},&quot;gap_mobile&quot;:{&quot;unit&quot;:&quot;px&quot;,&quot;size&quot;:10,&quot;sizes&quot;:[]},&quot;link_to&quot;:&quot;file&quot;,&quot;overlay_background&quot;:&quot;yes&quot;,&quot;content_hover_animation&quot;:&quot;fade-in&quot;}\" data-widget_type=\"gallery.default\">\n\t\t\t\t<div class=\"elementor-widget-container\">\n\t\t\t\t\t\t\t<div class=\"elementor-gallery__container\">\n\t\t\t\t\t\t\t<a class=\"e-gallery-item elementor-gallery-item elementor-animated-content\" href=\"https:\/\/saluto.lt\/wp-content\/uploads\/2024\/04\/DSC_1656-scaled.jpg\" data-elementor-open-lightbox=\"yes\" data-elementor-lightbox-slideshow=\"564de31\" data-e-action-hash=\"#elementor-action%3Aaction%3Dlightbox%26settings%3DeyJpZCI6NDA1MTcsInVybCI6Imh0dHBzOlwvXC9zYWx1dG8ubHRcL3dwLWNvbnRlbnRcL3VwbG9hZHNcLzIwMjRcLzA0XC9EU0NfMTY1Ni1zY2FsZWQuanBnIiwic2xpZGVzaG93IjoiNTY0ZGUzMSJ9\">\n\t\t\t\t\t<div class=\"e-gallery-image elementor-gallery-item__image\" data-thumbnail=\"https:\/\/saluto.lt\/wp-content\/uploads\/2024\/04\/DSC_1656-200x300.jpg\" data-width=\"200\" data-height=\"300\" aria-label=\"\" role=\"img\" ><\/div>\n\t\t\t\t\t\t\t\t\t\t\t<div class=\"elementor-gallery-item__overlay\"><\/div>\n\t\t\t\t\t\t\t\t\t\t\t\t\t\t<\/a>\n\t\t\t\t\t\t\t<a class=\"e-gallery-item elementor-gallery-item elementor-animated-content\" href=\"https:\/\/saluto.lt\/wp-content\/uploads\/2020\/06\/Musu_Vadove_03-scaled.jpg\" data-elementor-open-lightbox=\"yes\" data-elementor-lightbox-slideshow=\"564de31\" data-e-action-hash=\"#elementor-action%3Aaction%3Dlightbox%26settings%3DeyJpZCI6OTcsInVybCI6Imh0dHBzOlwvXC9zYWx1dG8ubHRcL3dwLWNvbnRlbnRcL3VwbG9hZHNcLzIwMjBcLzA2XC9NdXN1X1ZhZG92ZV8wMy1zY2FsZWQuanBnIiwic2xpZGVzaG93IjoiNTY0ZGUzMSJ9\">\n\t\t\t\t\t<div class=\"e-gallery-image elementor-gallery-item__image\" data-thumbnail=\"https:\/\/saluto.lt\/wp-content\/uploads\/2020\/06\/Musu_Vadove_03-300x225.jpg\" data-width=\"300\" data-height=\"225\" aria-label=\"\" role=\"img\" ><\/div>\n\t\t\t\t\t\t\t\t\t\t\t<div class=\"elementor-gallery-item__overlay\"><\/div>\n\t\t\t\t\t\t\t\t\t\t\t\t\t\t<\/a>\n\t\t\t\t\t<\/div>\n\t\t\t\t\t<\/div>\n\t\t\t\t<\/div>\n\t\t\t\t<div class=\"elementor-element elementor-element-48675173 elementor-align-left elementor-mobile-align-center elementor-widget elementor-widget-button\" data-id=\"48675173\" data-element_type=\"widget\" data-e-type=\"widget\" data-widget_type=\"button.default\">\n\t\t\t\t<div class=\"elementor-widget-container\">\n\t\t\t\t\t\t\t\t\t<div class=\"elementor-button-wrapper\">\n\t\t\t\t\t<a class=\"elementor-button elementor-button-link elementor-size-md\" href=\"https:\/\/saluto.lt\/apie-mus\">\n\t\t\t\t\t\t<span class=\"elementor-button-content-wrapper\">\n\t\t\t\t\t\t<span class=\"elementor-button-icon\">\n\t\t\t\t<i aria-hidden=\"true\" class=\"fas fa-arrow-left\"><\/i>\t\t\t<\/span>\n\t\t\t\t\t\t\t\t\t<span class=\"elementor-button-text\">Back <\/span>\n\t\t\t\t\t<\/span>\n\t\t\t\t\t<\/a>\n\t\t\t\t<\/div>\n\t\t\t\t\t\t\t\t<\/div>\n\t\t\t\t<\/div>\n\t\t\t\t\t<\/div>\n\t\t<\/div>\n\t\t\t\t\t<\/div>\n\t\t<\/section>\n\t\t\t\t<\/div>","protected":false},"excerpt":{"rendered":"<p>M\u016bs\u0173 vadov\u0117 RAMUT\u0116 \u0160TREIMIKYT\u0116 (g.1961 01 11) &#8211; Kauno J. Gruod\u017eio konservatorijos choro dirigavimo mokytoja, \u0161ios konservatorijos mi\u0161raus choro chormeister\u0117, A. Ka\u010danausko muzikos mokyklos solfed\u017eio ir dirigavimo mokytoja, Lietuvos chor\u0173 s\u0105jungos nar\u0117, Kauno mi\u0161raus choro SALUTO \u012fk\u016br\u0117ja ir vadov\u0117, Kauno ir Respublikini\u0173 dain\u0173 \u0161ven\u010di\u0173 vyr. dirigent\u0117.\u00a0\u00a0Jau studij\u0173 metais prad\u0117jo dirbti chormeistere \u012fvairiuose m\u0117g\u0117j\u0173 kolektyvuose. Net [&hellip;]<\/p>\n","protected":false},"author":1,"featured_media":0,"parent":0,"menu_order":0,"comment_status":"closed","ping_status":"closed","template":"elementor_header_footer","meta":{"ocean_post_layout":"","ocean_both_sidebars_style":"","ocean_both_sidebars_content_width":0,"ocean_both_sidebars_sidebars_width":0,"ocean_sidebar":"0","ocean_second_sidebar":"0","ocean_disable_margins":"enable","ocean_add_body_class":"","ocean_shortcode_before_top_bar":"","ocean_shortcode_after_top_bar":"","ocean_shortcode_before_header":"","ocean_shortcode_after_header":"","ocean_has_shortcode":"","ocean_shortcode_after_title":"","ocean_shortcode_before_footer_widgets":"","ocean_shortcode_after_footer_widgets":"","ocean_shortcode_before_footer_bottom":"","ocean_shortcode_after_footer_bottom":"","ocean_display_top_bar":"default","ocean_display_header":"default","ocean_header_style":"","ocean_center_header_left_menu":"0","ocean_custom_header_template":"0","ocean_custom_logo":0,"ocean_custom_retina_logo":0,"ocean_custom_logo_max_width":0,"ocean_custom_logo_tablet_max_width":0,"ocean_custom_logo_mobile_max_width":0,"ocean_custom_logo_max_height":0,"ocean_custom_logo_tablet_max_height":0,"ocean_custom_logo_mobile_max_height":0,"ocean_header_custom_menu":"0","ocean_menu_typo_font_family":"0","ocean_menu_typo_font_subset":"","ocean_menu_typo_font_size":0,"ocean_menu_typo_font_size_tablet":0,"ocean_menu_typo_font_size_mobile":0,"ocean_menu_typo_font_size_unit":"px","ocean_menu_typo_font_weight":"","ocean_menu_typo_font_weight_tablet":"","ocean_menu_typo_font_weight_mobile":"","ocean_menu_typo_transform":"","ocean_menu_typo_transform_tablet":"","ocean_menu_typo_transform_mobile":"","ocean_menu_typo_line_height":0,"ocean_menu_typo_line_height_tablet":0,"ocean_menu_typo_line_height_mobile":0,"ocean_menu_typo_line_height_unit":"","ocean_menu_typo_spacing":0,"ocean_menu_typo_spacing_tablet":0,"ocean_menu_typo_spacing_mobile":0,"ocean_menu_typo_spacing_unit":"","ocean_menu_link_color":"","ocean_menu_link_color_hover":"","ocean_menu_link_color_active":"","ocean_menu_link_background":"","ocean_menu_link_hover_background":"","ocean_menu_link_active_background":"","ocean_menu_social_links_bg":"","ocean_menu_social_hover_links_bg":"","ocean_menu_social_links_color":"","ocean_menu_social_hover_links_color":"","ocean_disable_title":"on","ocean_disable_heading":"default","ocean_post_title":"","ocean_post_subheading":"","ocean_post_title_style":"","ocean_post_title_background_color":"","ocean_post_title_background":0,"ocean_post_title_bg_image_position":"","ocean_post_title_bg_image_attachment":"","ocean_post_title_bg_image_repeat":"","ocean_post_title_bg_image_size":"","ocean_post_title_height":0,"ocean_post_title_bg_overlay":0.5,"ocean_post_title_bg_overlay_color":"","ocean_disable_breadcrumbs":"default","ocean_breadcrumbs_color":"","ocean_breadcrumbs_separator_color":"","ocean_breadcrumbs_links_color":"","ocean_breadcrumbs_links_hover_color":"","ocean_display_footer_widgets":"default","ocean_display_footer_bottom":"default","ocean_custom_footer_template":"0","footnotes":""},"class_list":["post-110","page","type-page","status-publish","hentry","entry"],"_links":{"self":[{"href":"https:\/\/saluto.lt\/en\/wp-json\/wp\/v2\/pages\/110","targetHints":{"allow":["GET"]}}],"collection":[{"href":"https:\/\/saluto.lt\/en\/wp-json\/wp\/v2\/pages"}],"about":[{"href":"https:\/\/saluto.lt\/en\/wp-json\/wp\/v2\/types\/page"}],"author":[{"embeddable":true,"href":"https:\/\/saluto.lt\/en\/wp-json\/wp\/v2\/users\/1"}],"replies":[{"embeddable":true,"href":"https:\/\/saluto.lt\/en\/wp-json\/wp\/v2\/comments?post=110"}],"version-history":[{"count":0,"href":"https:\/\/saluto.lt\/en\/wp-json\/wp\/v2\/pages\/110\/revisions"}],"wp:attachment":[{"href":"https:\/\/saluto.lt\/en\/wp-json\/wp\/v2\/media?parent=110"}],"curies":[{"name":"wp","href":"https:\/\/api.w.org\/{rel}","templated":true}]}}